{"id":43,"date":"2025-02-23T14:33:29","date_gmt":"2025-02-23T14:33:29","guid":{"rendered":"https:\/\/lagodeloscisneschile.cl\/?page_id=43"},"modified":"2026-03-28T02:34:07","modified_gmt":"2026-03-28T02:34:07","slug":"el-lago-de-los-cisnes","status":"publish","type":"page","link":"https:\/\/lagodeloscisneschile.cl\/?page_id=43","title":{"rendered":"Gira 2025"},"content":{"rendered":"\n[et_pb_section fb_built=\u00bb1&#8243; next_background_color=\u00bb#ffffff\u00bb _builder_version=\u00bb4.27.4&#8243; _module_preset=\u00bbdefault\u00bb background_image=\u00bbhttps:\/\/lagodeloscisneschile.cl\/wp-content\/uploads\/2025\/07\/portada-2.jpg\u00bb width=\u00bb100%\u00bb custom_padding=\u00bb10px||223px|||\u00bb top_divider_style=\u00bbcurve\u00bb top_divider_color=\u00bbRGBA(255,255,255,0)\u00bb bottom_divider_style=\u00bbcurve2&#8243; global_colors_info=\u00bb{}\u00bb][et_pb_row _builder_version=\u00bb4.27.4&#8243; _module_preset=\u00bbdefault\u00bb custom_padding=\u00bb0px|||||\u00bb global_colors_info=\u00bb{}\u00bb][et_pb_column type=\u00bb4_4&#8243; _builder_version=\u00bb4.27.4&#8243; _module_preset=\u00bbdefault\u00bb global_colors_info=\u00bb{}\u00bb][et_pb_text _builder_version=\u00bb4.27.4&#8243; _module_preset=\u00bbdefault\u00bb text_font=\u00bbITCAvantGardeStd-MdCn|200|||||||\u00bb text_text_color=\u00bb#e2601f\u00bb text_font_size=\u00bb42px\u00bb custom_margin=\u00bb42px||||false|false\u00bb text_font_size_tablet=\u00bb42px\u00bb text_font_size_phone=\u00bb19px\u00bb text_font_size_last_edited=\u00bbon|phone\u00bb text_line_height_tablet=\u00bb\u00bb text_line_height_phone=\u00bb1.4em\u00bb text_line_height_last_edited=\u00bbon|phone\u00bb text_text_shadow_style=\u00bbpreset1&#8243; global_colors_info=\u00bb{}\u00bb]<p><strong>BALLET CL\u00c1SICO DE SAN PETERSBURGO<\/strong><\/p>[\/et_pb_text][et_pb_text disabled_on=\u00bbon|off|off\u00bb _builder_version=\u00bb4.27.4&#8243; _module_preset=\u00bbdefault\u00bb text_font=\u00bbITCAvantGardeStd-MdCn|200|||||||\u00bb text_text_color=\u00bb#0ee4ef\u00bb text_font_size=\u00bb37px\u00bb custom_margin=\u00bb3px||||false|false\u00bb custom_padding=\u00bb||37px|||\u00bb text_font_size_tablet=\u00bb42px\u00bb text_font_size_phone=\u00bb24px\u00bb text_font_size_last_edited=\u00bbon|phone\u00bb text_line_height_tablet=\u00bb\u00bb text_line_height_phone=\u00bb1.4em\u00bb text_line_height_last_edited=\u00bbon|phone\u00bb text_text_shadow_style=\u00bbpreset1&#8243; global_colors_info=\u00bb{}\u00bb]<p><strong>\u00daltimas presentaciones, Octubre de 2025<\/strong><\/p>[\/et_pb_text][\/et_pb_column][\/et_pb_row][et_pb_row column_structure=\u00bb1_2,1_2&#8243; _builder_version=\u00bb4.27.4&#8243; _module_preset=\u00bbdefault\u00bb custom_margin=\u00bb19px||||false|false\u00bb global_colors_info=\u00bb{}\u00bb][et_pb_column type=\u00bb1_2&#8243; _builder_version=\u00bb4.27.4&#8243; _module_preset=\u00bbdefault\u00bb global_colors_info=\u00bb{}\u00bb][et_pb_text _builder_version=\u00bb4.27.4&#8243; _module_preset=\u00bbdefault\u00bb text_font=\u00bbBilbo Swash Caps|&#8211;et_global_body_font_weight|||||||\u00bb text_text_color=\u00bb#FFFFFF\u00bb text_font_size=\u00bb109px\u00bb text_line_height=\u00bb0.9em\u00bb width=\u00bb100%\u00bb width_tablet=\u00bb100%\u00bb width_phone=\u00bb100%\u00bb width_last_edited=\u00bbon|phone\u00bb max_width=\u00bb100%\u00bb custom_margin=\u00bb73px||||false|false\u00bb custom_margin_tablet=\u00bb392px||||false|false\u00bb custom_margin_phone=\u00bb-43px||||false|false\u00bb custom_margin_last_edited=\u00bbon|phone\u00bb hover_enabled=\u00bb0&#8243; text_font_size_tablet=\u00bb92px\u00bb text_font_size_phone=\u00bb67px\u00bb text_font_size_last_edited=\u00bbon|phone\u00bb text_line_height_tablet=\u00bb\u00bb text_line_height_phone=\u00bb0.9em\u00bb text_line_height_last_edited=\u00bbon|phone\u00bb text_orientation_tablet=\u00bb\u00bb text_orientation_phone=\u00bbcenter\u00bb text_orientation_last_edited=\u00bbon|phone\u00bb text_text_shadow_style=\u00bbpreset4&#8243; global_colors_info=\u00bb{}\u00bb sticky_enabled=\u00bb0&#8243;]<p>El Lago<br \/>de los<br \/>Cisnes<\/p>[\/et_pb_text][\/et_pb_column][et_pb_column type=\u00bb1_2&#8243; _builder_version=\u00bb4.27.4&#8243; _module_preset=\u00bbdefault\u00bb global_colors_info=\u00bb{}\u00bb][dsm_typing_effect before_typing_effect=\u00bbMar\u00eda Tomilova\u00bb typing_effect=\u00bbPremier Grigorovich Ballet\u00bb before_new_line=\u00bbon\u00bb after_new_line=\u00bboff\u00bb after_typing_background_color=\u00bbRGBA(255,255,255,0)\u00bb _builder_version=\u00bb4.27.4&#8243; _module_preset=\u00bbdefault\u00bb header_font=\u00bbK2D||||||||\u00bb header_text_align=\u00bbright\u00bb header_text_color=\u00bb#FFFFFF\u00bb header_font_size=\u00bb22px\u00bb after_text_align=\u00bbright\u00bb custom_margin=\u00bb96px||||false|false\u00bb custom_margin_tablet=\u00bb96px||||false|false\u00bb custom_margin_phone=\u00bb190px||||false|false\u00bb custom_margin_last_edited=\u00bbon|phone\u00bb global_colors_info=\u00bb{}\u00bb][\/dsm_typing_effect][dsm_typing_effect before_typing_effect=\u00bbAlexander Volchkov\u00bb typing_effect=\u00bbPremier Dancer Ballet Bolshoi\u00bb before_new_line=\u00bbon\u00bb after_new_line=\u00bboff\u00bb after_typing_background_color=\u00bbRGBA(255,255,255,0)\u00bb _builder_version=\u00bb4.27.4&#8243; _module_preset=\u00bbdefault\u00bb header_font=\u00bbK2D||||||||\u00bb header_text_align=\u00bbright\u00bb header_text_color=\u00bb#FFFFFF\u00bb header_font_size=\u00bb22px\u00bb after_text_align=\u00bbright\u00bb custom_margin=\u00bb35px||||false|false\u00bb global_colors_info=\u00bb{}\u00bb][\/dsm_typing_effect][\/et_pb_column][\/et_pb_row][et_pb_row _builder_version=\u00bb4.27.4&#8243; _module_preset=\u00bbdefault\u00bb custom_margin=\u00bb|auto|-60px|auto||\u00bb global_colors_info=\u00bb{}\u00bb][et_pb_column type=\u00bb4_4&#8243; _builder_version=\u00bb4.27.4&#8243; _module_preset=\u00bbdefault\u00bb global_colors_info=\u00bb{}\u00bb][et_pb_text _builder_version=\u00bb4.27.4&#8243; _module_preset=\u00bbdefault\u00bb text_font=\u00bbITCAvantGardeStd-MdCnObl||||||||\u00bb text_text_color=\u00bb#FFFFFF\u00bb text_font_size=\u00bb31px\u00bb text_line_height=\u00bb1.6em\u00bb text_orientation=\u00bbcenter\u00bb custom_margin=\u00bb33px||||false|false\u00bb custom_margin_tablet=\u00bb33px||||false|false\u00bb custom_margin_phone=\u00bb-17px||||false|false\u00bb custom_margin_last_edited=\u00bbon|phone\u00bb custom_padding=\u00bb||5px|||\u00bb text_font_size_tablet=\u00bb31px\u00bb text_font_size_phone=\u00bb20px\u00bb text_font_size_last_edited=\u00bbon|phone\u00bb text_text_shadow_style=\u00bbpreset1&#8243; global_colors_info=\u00bb{}\u00bb]<p><em>\u201cSi s\u00f3lo puedes ver un ballet en tu vida, que sea El lago de los cisnes. Todo lo que hace eterno al arte est\u00e1 all\u00ed.\u201d<\/em><br \/><span style=\"color: #ffffff;\">Clive Barnes (The New York Times)<\/span><\/p>[\/et_pb_text][\/et_pb_column][\/et_pb_row][\/et_pb_section][et_pb_section fb_built=\u00bb1&#8243; module_id=\u00bbtickets\u00bb _builder_version=\u00bb4.27.4&#8243; _module_preset=\u00bbdefault\u00bb custom_padding=\u00bb35px|||||\u00bb global_colors_info=\u00bb{}\u00bb][et_pb_row column_structure=\u00bb1_2,1_2&#8243; _builder_version=\u00bb4.27.4&#8243; _module_preset=\u00bbdefault\u00bb custom_padding=\u00bb||0px|||\u00bb global_colors_info=\u00bb{}\u00bb][et_pb_column type=\u00bb1_2&#8243; _builder_version=\u00bb4.27.4&#8243; _module_preset=\u00bbdefault\u00bb global_colors_info=\u00bb{}\u00bb][et_pb_blurb title=\u00bbEntradas Osorno\u00bb url=\u00bbhttps:\/\/www.vivoticket.cl\/web\/el-lago-de-los-cisnes\u00bb url_new_window=\u00bbon\u00bb image=\u00bbhttps:\/\/lagodeloscisneschile.cl\/wp-content\/uploads\/2025\/09\/1200-x-630-OSORNO.jpg\u00bb _builder_version=\u00bb4.27.4&#8243; _module_preset=\u00bbdefault\u00bb header_font=\u00bbK2D||||||||\u00bb body_font=\u00bbK2D||||||||\u00bb text_orientation=\u00bbcenter\u00bb border_radii=\u00bbon|8px|8px|8px|8px\u00bb border_width_all=\u00bb2px\u00bb box_shadow_style=\u00bbpreset3&#8243; global_colors_info=\u00bb{}\u00bb]<div class=\"row m-t-xs\">\n<div class=\"col-md-12 p-x-0\">\n<div class=\"p-r-xs text-center\"><strong>Mi\u00e9rcoles 22 Octubre, 19:30 hrs.\u00a0<\/strong><\/div>\n<div class=\"p-r-xs text-center\"><strong>Centro Eventos Hotel Sonesta<\/strong><\/div>\n<\/div>\n<\/div>\n<div class=\"row m-b-xs\">\n<div class=\"col-md-12 p-x-0\">\n<div class=\"p-r-xs text-center\">\n<p><strong>Osorno,\u00a0 Chile<\/strong><\/p>\n<p><strong> <\/strong><\/p>\n<p><a href=\"https:\/\/ticketplus.cl\/events\/ballet-clasico-de-san-petersburgo-presenta-el-lago-de-los-cisnes-hotel-sonesta-osorno\"><span style=\"color: #0000ff;\"><strong>COMPRAR TICKETS<\/strong><\/span><\/a><\/p>\n<\/div>\n<\/div>\n<\/div>[\/et_pb_blurb][\/et_pb_column][et_pb_column type=\u00bb1_2&#8243; _builder_version=\u00bb4.27.4&#8243; _module_preset=\u00bbdefault\u00bb global_colors_info=\u00bb{}\u00bb][et_pb_blurb title=\u00bbEntradas Concepci\u00f3n 2da Funci\u00f3n\u00bb url=\u00bbhttps:\/\/ticketplus.cl\/events\/ballet-clasico-de-san-petersburgo-presenta-el-lago-de-los-cisnes-concepcion-segunda-funcion\u00bb url_new_window=\u00bbon\u00bb image=\u00bbhttps:\/\/lagodeloscisneschile.cl\/wp-content\/uploads\/2025\/09\/1200-x-630-EVENTO-CONCE2.jpg\u00bb _builder_version=\u00bb4.27.4&#8243; _module_preset=\u00bbdefault\u00bb header_font=\u00bbK2D||||||||\u00bb body_font=\u00bbK2D||||||||\u00bb text_orientation=\u00bbcenter\u00bb border_radii=\u00bbon|8px|8px|8px|8px\u00bb border_width_all=\u00bb2px\u00bb box_shadow_style=\u00bbpreset3&#8243; global_colors_info=\u00bb{}\u00bb]<div class=\"row m-t-xs\">\n<div class=\"col-md-12 p-x-0\">\n<div class=\"p-r-xs text-center\"><strong>Viernes 24 Octubre, 20:00 hrs.<\/strong><\/div>\n<div class=\"p-r-xs text-center\"><strong>Teatro Marina del Sol<\/strong><\/div>\n<\/div>\n<\/div>\n<div class=\"row m-b-xs\">\n<div class=\"col-md-12 p-x-0\">\n<div class=\"p-r-xs text-center\">\n<p><span>Hotel Marina del Sol, Brisa del Sol &#8211; Calle A, Concepci\u00f3n, Talcahuano, Chile.<\/span><\/p>\n<p><a href=\"https:\/\/ticketplus.cl\/events\/ballet-clasico-de-san-petersburgo-presenta-el-lago-de-los-cisnes-concepcion-segunda-funcion\"><strong style=\"color: #0000ff; font-size: 14px;\">COMPRAR TICKETS<\/strong><\/a><\/p>\n<\/div>\n<\/div>\n<\/div>[\/et_pb_blurb][\/et_pb_column][\/et_pb_row][et_pb_row column_structure=\u00bb1_2,1_2&#8243; _builder_version=\u00bb4.27.4&#8243; _module_preset=\u00bbdefault\u00bb global_colors_info=\u00bb{}\u00bb][et_pb_column type=\u00bb1_2&#8243; _builder_version=\u00bb4.27.4&#8243; _module_preset=\u00bbdefault\u00bb global_colors_info=\u00bb{}\u00bb][et_pb_blurb title=\u00bbEntradas La Serena\u00bb url=\u00bbhttps:\/\/ticketplus.cl\/events\/ballet-clasico-de-san-petersburgo-presenta-el-lago-de-los-cisnes-teatro-teatro-centenario-la-serena\u00bb url_new_window=\u00bbon\u00bb image=\u00bbhttps:\/\/lagodeloscisneschile.cl\/wp-content\/uploads\/2025\/09\/1200-x-630-CURICO.jpg\u00bb _builder_version=\u00bb4.27.4&#8243; _module_preset=\u00bbdefault\u00bb header_font=\u00bbK2D||||||||\u00bb body_font=\u00bbK2D||||||||\u00bb text_orientation=\u00bbcenter\u00bb border_radii=\u00bbon|8px|8px|8px|8px\u00bb border_width_all=\u00bb2px\u00bb box_shadow_style=\u00bbpreset3&#8243; global_colors_info=\u00bb{}\u00bb]<div class=\"row m-t-xs\">\n<div class=\"col-md-12 p-x-0\">\n<div class=\"p-r-xs text-center\"><strong>Martes 28 Octubre, 20:00 hrs.\u00a0<\/strong><\/div>\n<div class=\"p-r-xs text-center\"><strong>Teatro Centenario<\/strong><\/div>\n<\/div>\n<\/div>\n<div class=\"row m-b-xs\">\n<div class=\"col-md-12 p-x-0\">\n<div class=\"p-r-xs text-center\">\n<p><strong>\u00a0 La Serena, Chile<\/strong><\/p>\n<p><strong> <\/strong><\/p>\n<p><a href=\"https:\/\/ticketplus.cl\/events\/ballet-clasico-de-san-petersburgo-presenta-el-lago-de-los-cisnes-teatro-teatro-centenario-la-serena\"><span style=\"color: #0000ff;\"><strong>COMPRAR TICKETS<\/strong><\/span><\/a><\/p>\n<\/div>\n<\/div>\n<\/div>[\/et_pb_blurb][\/et_pb_column][et_pb_column type=\u00bb1_2&#8243; _builder_version=\u00bb4.27.4&#8243; _module_preset=\u00bbdefault\u00bb global_colors_info=\u00bb{}\u00bb][et_pb_blurb title=\u00bbEntradas Santiago\u00bb url=\u00bbhttps:\/\/ticketplus.cl\/events\/ballet-clasico-de-san-petersburgo-presenta-el-lago-de-los-cisnes-teatro-universidad-de-chile%20&#8243; url_new_window=\u00bbon\u00bb image=\u00bbhttps:\/\/lagodeloscisneschile.cl\/wp-content\/uploads\/2025\/08\/1200-x-630-RGUA-TICK.jpg\u00bb _builder_version=\u00bb4.27.4&#8243; _module_preset=\u00bbdefault\u00bb header_font=\u00bbK2D||||||||\u00bb body_font=\u00bbK2D||||||||\u00bb text_orientation=\u00bbcenter\u00bb border_radii=\u00bbon|8px|8px|8px|8px\u00bb border_width_all=\u00bb2px\u00bb box_shadow_style=\u00bbpreset3&#8243; global_colors_info=\u00bb{}\u00bb]<div class=\"row m-t-xs\">\n<div class=\"col-md-12 p-x-0\">\n<div class=\"p-r-xs text-center\"><strong>Mi\u00e9rcoles 29 de Octubre, 19:30 hrs.\u00a0<\/strong><\/div>\n<div class=\"p-r-xs text-center\"><strong>Teatro Universidad de Chile<\/strong><\/div>\n<\/div>\n<\/div>\n<div class=\"row m-b-xs\">\n<div class=\"col-md-12 p-x-0\">\n<div class=\"p-r-xs text-center\">\n<p><strong> <span>Av. Providencia 43, Santiago de Chile<\/span><\/strong><\/p>\n<p><strong> <\/strong><\/p>\n<p><a href=\"https:\/\/ticketplus.cl\/events\/ballet-clasico-de-san-petersburgo-presenta-el-lago-de-los-cisnes-teatro-universidad-de-chile\"><span style=\"color: #0000ff;\"><strong>COMPRAR TICKETS<\/strong><\/span><\/a><\/p>\n<\/div>\n<\/div>\n<\/div>[\/et_pb_blurb][\/et_pb_column][\/et_pb_row][\/et_pb_section][et_pb_section fb_built=\u00bb1&#8243; _builder_version=\u00bb4.27.4&#8243; _module_preset=\u00bbdefault\u00bb global_colors_info=\u00bb{}\u00bb][et_pb_row _builder_version=\u00bb4.27.4&#8243; _module_preset=\u00bbdefault\u00bb global_colors_info=\u00bb{}\u00bb][et_pb_column type=\u00bb4_4&#8243; _builder_version=\u00bb4.27.4&#8243; _module_preset=\u00bbdefault\u00bb global_colors_info=\u00bb{}\u00bb][et_pb_text _builder_version=\u00bb4.27.4&#8243; _module_preset=\u00bbdefault\u00bb text_font=\u00bbK2D|300|||||||\u00bb text_text_color=\u00bb#000000&#8243; text_font_size=\u00bb18px\u00bb text_orientation=\u00bbcenter\u00bb global_colors_info=\u00bb{}\u00bb]<p data-start=\"3133\" data-end=\"3445\"><em data-start=\"3133\" data-end=\"3156\">El Lago de los Cisnes<\/em> no es solo un ballet: es un <strong data-start=\"3185\" data-end=\"3248\">s\u00edmbolo eterno de la belleza, el arte y la condici\u00f3n humana<\/strong>. Su mezcla de m\u00fasica sublime, narrativa emotiva y coreograf\u00eda magistral lo han hecho un hito del arte esc\u00e9nico que sigue fascinando a p\u00fablicos de todas las edades, en todos los rincones del mundo.<\/p>[\/et_pb_text][dsm_image_accordion ia_height=\u00bb440px\u00bb _builder_version=\u00bb4.27.4&#8243; _module_preset=\u00bbdefault\u00bb global_colors_info=\u00bb{}\u00bb][dsm_image_accordion_child image_accordion_src=\u00bbhttps:\/\/lagodeloscisneschile.cl\/wp-content\/uploads\/2025\/07\/DIECIOCHO.jpeg\u00bb _builder_version=\u00bb4.27.4&#8243; _module_preset=\u00bbdefault\u00bb global_colors_info=\u00bb{}\u00bb][\/dsm_image_accordion_child][dsm_image_accordion_child expanded_item=\u00bbon\u00bb image_accordion_src=\u00bbhttps:\/\/lagodeloscisneschile.cl\/wp-content\/uploads\/2025\/07\/CUATRO.jpeg\u00bb _builder_version=\u00bb4.27.4&#8243; _module_preset=\u00bbdefault\u00bb global_colors_info=\u00bb{}\u00bb][\/dsm_image_accordion_child][dsm_image_accordion_child expanded_item=\u00bbon\u00bb image_accordion_src=\u00bbhttps:\/\/lagodeloscisneschile.cl\/wp-content\/uploads\/2025\/07\/CINCO.jpeg\u00bb _builder_version=\u00bb4.27.4&#8243; _module_preset=\u00bbdefault\u00bb global_colors_info=\u00bb{}\u00bb][\/dsm_image_accordion_child][dsm_image_accordion_child expanded_item=\u00bbon\u00bb image_accordion_src=\u00bbhttps:\/\/lagodeloscisneschile.cl\/wp-content\/uploads\/2025\/07\/CATORCE.jpeg\u00bb _builder_version=\u00bb4.27.4&#8243; _module_preset=\u00bbdefault\u00bb global_colors_info=\u00bb{}\u00bb][\/dsm_image_accordion_child][\/dsm_image_accordion][et_pb_text _builder_version=\u00bb4.27.4&#8243; _module_preset=\u00bbdefault\u00bb text_font=\u00bbK2D|300|||||||\u00bb text_text_color=\u00bb#000000&#8243; text_font_size=\u00bb18px\u00bb text_orientation=\u00bbcenter\u00bb global_colors_info=\u00bb{}\u00bb]<p data-start=\"3133\" data-end=\"3445\"><em data-start=\"217\" data-end=\"240\">El Lago de los Cisnes<\/em> (<em data-start=\"242\" data-end=\"253\">Swan Lake<\/em>) es uno de los ballets m\u00e1s c\u00e9lebres de todos los tiempos. Fue compuesto por <strong data-start=\"330\" data-end=\"356\">Piotr Ilich Chaikovski<\/strong> entre 1875 y 1876, y desde entonces se ha convertido en una obra emblem\u00e1tica del repertorio cl\u00e1sico mundial. Su m\u00fasica, su simbolismo y su profunda carga emocional lo han hecho perdurar por generaciones, siendo un \u00edcono tanto del ballet como del arte universal.<\/p>[\/et_pb_text][et_pb_video src=\u00bbhttps:\/\/www.youtube.com\/watch?v=oTEiqxZIvOA\u00bb _builder_version=\u00bb4.27.4&#8243; _module_preset=\u00bbdefault\u00bb global_colors_info=\u00bb{}\u00bb][\/et_pb_video][dsm_image_accordion ia_height=\u00bb440px\u00bb _builder_version=\u00bb4.27.4&#8243; _module_preset=\u00bbdefault\u00bb global_colors_info=\u00bb{}\u00bb][dsm_image_accordion_child image_accordion_src=\u00bbhttps:\/\/lagodeloscisneschile.cl\/wp-content\/uploads\/2025\/07\/DOCE.jpeg\u00bb _builder_version=\u00bb4.27.4&#8243; _module_preset=\u00bbdefault\u00bb global_colors_info=\u00bb{}\u00bb][\/dsm_image_accordion_child][dsm_image_accordion_child expanded_item=\u00bbon\u00bb image_accordion_src=\u00bbhttps:\/\/lagodeloscisneschile.cl\/wp-content\/uploads\/2025\/07\/DIECISIETE.jpeg\u00bb _builder_version=\u00bb4.27.4&#8243; _module_preset=\u00bbdefault\u00bb global_colors_info=\u00bb{}\u00bb][\/dsm_image_accordion_child][dsm_image_accordion_child expanded_item=\u00bbon\u00bb image_accordion_src=\u00bbhttps:\/\/lagodeloscisneschile.cl\/wp-content\/uploads\/2025\/07\/DIEZ.jpeg\u00bb _builder_version=\u00bb4.27.4&#8243; _module_preset=\u00bbdefault\u00bb global_colors_info=\u00bb{}\u00bb][\/dsm_image_accordion_child][dsm_image_accordion_child expanded_item=\u00bbon\u00bb image_accordion_src=\u00bbhttps:\/\/lagodeloscisneschile.cl\/wp-content\/uploads\/2025\/07\/DIECISEIS.jpeg\u00bb _builder_version=\u00bb4.27.4&#8243; _module_preset=\u00bbdefault\u00bb global_colors_info=\u00bb{}\u00bb][\/dsm_image_accordion_child][\/dsm_image_accordion][et_pb_text _builder_version=\u00bb4.27.4&#8243; _module_preset=\u00bbdefault\u00bb text_font=\u00bbK2D|300|||||||\u00bb text_text_color=\u00bb#000000&#8243; text_font_size=\u00bb18px\u00bb text_orientation=\u00bbcenter\u00bb global_colors_info=\u00bb{}\u00bb]<p data-start=\"657\" data-end=\"916\">La historia de <em data-start=\"672\" data-end=\"695\">El Lago de los Cisnes<\/em> es un cuento de hadas tr\u00e1gico y rom\u00e1ntico dividido generalmente en <strong data-start=\"763\" data-end=\"779\">cuatro actos<\/strong>. La versi\u00f3n m\u00e1s conocida es la coreografiada por <strong data-start=\"829\" data-end=\"859\">Marius Petipa y Lev Ivanov<\/strong> en 1895, tras una primera versi\u00f3n menos exitosa en 1877.<\/p>\n<h4 data-start=\"918\" data-end=\"937\"><em data-start=\"926\" data-end=\"937\">Sinopsis:<\/em><\/h4>\n<ul data-start=\"938\" data-end=\"1743\">\n<li data-start=\"938\" data-end=\"1146\">\n<p data-start=\"940\" data-end=\"1146\"><strong data-start=\"940\" data-end=\"951\">Acto I:<\/strong> El pr\u00edncipe Sigfrido celebra su cumplea\u00f1os. Su madre le dice que debe elegir esposa en el baile real. M\u00e1s tarde, mientras caza, ve un grupo de cisnes y se enamora de una mujer-cisne: <strong data-start=\"1135\" data-end=\"1145\">Odette<\/strong>.<\/p>\n<\/li>\n<li data-start=\"1147\" data-end=\"1384\">\n<p data-start=\"1149\" data-end=\"1384\"><strong data-start=\"1149\" data-end=\"1161\">Acto II:<\/strong> Odette le cuenta que ella y otras j\u00f3venes est\u00e1n bajo un hechizo del malvado brujo <strong data-start=\"1244\" data-end=\"1260\">Von Rothbart<\/strong>, que las transforma en cisnes durante el d\u00eda. Solo el amor verdadero puede romper el hechizo. Sigfrido le jura amor eterno.<\/p>\n<\/li>\n<li data-start=\"1385\" data-end=\"1587\">\n<p data-start=\"1387\" data-end=\"1587\"><strong data-start=\"1387\" data-end=\"1400\">Acto III:<\/strong> En el baile real, Von Rothbart llega con su hija Odile (el \u00abcisne negro\u00bb), disfrazada como Odette. El pr\u00edncipe, enga\u00f1ado, le jura amor a Odile, rompiendo sin saberlo su promesa a Odette.<\/p>\n<\/li>\n<li data-start=\"1588\" data-end=\"1743\">\n<p data-start=\"1590\" data-end=\"1743\"><strong data-start=\"1590\" data-end=\"1602\">Acto IV:<\/strong> Devastado, Sigfrido busca a Odette. Al descubrir la traici\u00f3n, ambos eligen morir juntos, lanz\u00e1ndose al lago. Su sacrificio rompe el hechizo.<\/p>\n<\/li>\n<\/ul>\n<p data-start=\"1745\" data-end=\"1830\">[\/et_pb_text][dsm_image_accordion ia_height=\u00bb440px\u00bb _builder_version=\u00bb4.27.4&#8243; _module_preset=\u00bbdefault\u00bb global_colors_info=\u00bb{}\u00bb][dsm_image_accordion_child image_accordion_src=\u00bbhttps:\/\/lagodeloscisneschile.cl\/wp-content\/uploads\/2025\/07\/QUINCE.jpeg\u00bb _builder_version=\u00bb4.27.4&#8243; _module_preset=\u00bbdefault\u00bb global_colors_info=\u00bb{}\u00bb][\/dsm_image_accordion_child][dsm_image_accordion_child expanded_item=\u00bbon\u00bb image_accordion_src=\u00bbhttps:\/\/lagodeloscisneschile.cl\/wp-content\/uploads\/2025\/07\/ONCE.jpeg\u00bb _builder_version=\u00bb4.27.4&#8243; _module_preset=\u00bbdefault\u00bb global_colors_info=\u00bb{}\u00bb][\/dsm_image_accordion_child][dsm_image_accordion_child expanded_item=\u00bbon\u00bb image_accordion_src=\u00bbhttps:\/\/lagodeloscisneschile.cl\/wp-content\/uploads\/2025\/07\/OCHO.jpeg\u00bb _builder_version=\u00bb4.27.4&#8243; _module_preset=\u00bbdefault\u00bb global_colors_info=\u00bb{}\u00bb][\/dsm_image_accordion_child][dsm_image_accordion_child expanded_item=\u00bbon\u00bb image_accordion_src=\u00bbhttps:\/\/lagodeloscisneschile.cl\/wp-content\/uploads\/2025\/07\/NUEVE.jpeg\u00bb _builder_version=\u00bb4.27.4&#8243; _module_preset=\u00bbdefault\u00bb global_colors_info=\u00bb{}\u00bb][\/dsm_image_accordion_child][\/dsm_image_accordion][dsm_image_accordion ia_height=\u00bb440px\u00bb _builder_version=\u00bb4.27.4&#8243; _module_preset=\u00bbdefault\u00bb global_colors_info=\u00bb{}\u00bb][dsm_image_accordion_child image_accordion_src=\u00bbhttps:\/\/lagodeloscisneschile.cl\/wp-content\/uploads\/2025\/07\/TRES.jpeg\u00bb _builder_version=\u00bb4.27.4&#8243; _module_preset=\u00bbdefault\u00bb global_colors_info=\u00bb{}\u00bb][\/dsm_image_accordion_child][dsm_image_accordion_child expanded_item=\u00bbon\u00bb image_accordion_src=\u00bbhttps:\/\/lagodeloscisneschile.cl\/wp-content\/uploads\/2025\/07\/TRECE.jpeg\u00bb _builder_version=\u00bb4.27.4&#8243; _module_preset=\u00bbdefault\u00bb global_colors_info=\u00bb{}\u00bb][\/dsm_image_accordion_child][dsm_image_accordion_child expanded_item=\u00bbon\u00bb image_accordion_src=\u00bbhttps:\/\/lagodeloscisneschile.cl\/wp-content\/uploads\/2025\/07\/SIETE-1.jpeg\u00bb _builder_version=\u00bb4.27.4&#8243; _module_preset=\u00bbdefault\u00bb global_colors_info=\u00bb{}\u00bb][\/dsm_image_accordion_child][dsm_image_accordion_child expanded_item=\u00bbon\u00bb image_accordion_src=\u00bbhttps:\/\/lagodeloscisneschile.cl\/wp-content\/uploads\/2025\/07\/SEIS.jpeg\u00bb _builder_version=\u00bb4.27.4&#8243; _module_preset=\u00bbdefault\u00bb global_colors_info=\u00bb{}\u00bb][\/dsm_image_accordion_child][\/dsm_image_accordion][\/et_pb_column][\/et_pb_row][\/et_pb_section][et_pb_section fb_built=\u00bb1&#8243; _builder_version=\u00bb4.27.4&#8243; _module_preset=\u00bbdefault\u00bb global_colors_info=\u00bb{}\u00bb][\/et_pb_section]\n","protected":false},"excerpt":{"rendered":"<p>BALLET CL\u00c1SICO DE SAN PETERSBURGO\u00daltimas presentaciones, Octubre de 2025El Lagode losCisnes<div class=\"et_pb_module dsm_typing_effect dsm_typing_effect_0 et_pb_bg_layout_light \">\n\t\t\t\t\n\t\t\t\t\n\t\t\t\t\n\t\t\t\t\n\t\t\t\t\n\t\t\t\t\n\t\t\t\t<div class=\"et_pb_module_inner\">\n\t\t\t\t\t<h1 class=\"dsm-typing-effect et_pb_module_header\"><span class=\"dsm-before-typing-effect\">Mar\u00eda Tomilova<\/span><br><span class=\"dsm-typing-wrapper\"><span class=\"dsm-typing-strings\">Premier Grigorovich Ballet<\/span><span class=\"dsm-typing\" data-dsm-typing-cursor=\"|\" data-dsm-typing-strings=\"Premier Grigorovich Ballet\" data-dsm-typing-speed=100ms data-dsm-typing-backspeed=50ms data-dsm-typing-backdelay=700ms data-dsm-typing-loop=true data-dsm-typing-fadeout=false data-dsm-typing-shuffle=false data-dsm-typing-delay=0ms data-dsm-typing-viewport=80% data-dsm-typing-repeat=on><\/span><\/span><\/h1>\n\t\t\t\t<\/div>\n\t\t\t<\/div><div class=\"et_pb_module dsm_typing_effect dsm_typing_effect_1 et_pb_bg_layout_light \">\n\t\t\t\t\n\t\t\t\t\n\t\t\t\t\n\t\t\t\t\n\t\t\t\t\n\t\t\t\t\n\t\t\t\t<div class=\"et_pb_module_inner\">\n\t\t\t\t\t<h1 class=\"dsm-typing-effect et_pb_module_header\"><span class=\"dsm-before-typing-effect\">Alexander Volchkov<\/span><br><span class=\"dsm-typing-wrapper\"><span class=\"dsm-typing-strings\">Premier Dancer Ballet Bolshoi<\/span><span class=\"dsm-typing\" data-dsm-typing-cursor=\"|\" data-dsm-typing-strings=\"Premier Dancer Ballet Bolshoi\" data-dsm-typing-speed=100ms data-dsm-typing-backspeed=50ms data-dsm-typing-backdelay=700ms data-dsm-typing-loop=true data-dsm-typing-fadeout=false data-dsm-typing-shuffle=false data-dsm-typing-delay=0ms data-dsm-typing-viewport=80% data-dsm-typing-repeat=on><\/span><\/span><\/h1>\n\t\t\t\t<\/div>\n\t\t\t<\/div>\u201cSi s\u00f3lo puedes ver un ballet en [&hellip;]<\/p>\n","protected":false},"author":1,"featured_media":44,"parent":0,"menu_order":0,"comment_status":"closed","ping_status":"closed","template":"","meta":{"_et_pb_use_builder":"on","_et_pb_old_content":"<!-- wp:divi\/placeholder \/-->","_et_gb_content_width":"","footnotes":""},"class_list":["post-43","page","type-page","status-publish","has-post-thumbnail","hentry"],"_links":{"self":[{"href":"https:\/\/lagodeloscisneschile.cl\/index.php?rest_route=\/wp\/v2\/pages\/43","targetHints":{"allow":["GET"]}}],"collection":[{"href":"https:\/\/lagodeloscisneschile.cl\/index.php?rest_route=\/wp\/v2\/pages"}],"about":[{"href":"https:\/\/lagodeloscisneschile.cl\/index.php?rest_route=\/wp\/v2\/types\/page"}],"author":[{"embeddable":true,"href":"https:\/\/lagodeloscisneschile.cl\/index.php?rest_route=\/wp\/v2\/users\/1"}],"replies":[{"embeddable":true,"href":"https:\/\/lagodeloscisneschile.cl\/index.php?rest_route=%2Fwp%2Fv2%2Fcomments&post=43"}],"version-history":[{"count":152,"href":"https:\/\/lagodeloscisneschile.cl\/index.php?rest_route=\/wp\/v2\/pages\/43\/revisions"}],"predecessor-version":[{"id":439,"href":"https:\/\/lagodeloscisneschile.cl\/index.php?rest_route=\/wp\/v2\/pages\/43\/revisions\/439"}],"wp:featuredmedia":[{"embeddable":true,"href":"https:\/\/lagodeloscisneschile.cl\/index.php?rest_route=\/wp\/v2\/media\/44"}],"wp:attachment":[{"href":"https:\/\/lagodeloscisneschile.cl\/index.php?rest_route=%2Fwp%2Fv2%2Fmedia&parent=43"}],"curies":[{"name":"wp","href":"https:\/\/api.w.org\/{rel}","templated":true}]}}