{"id":7,"date":"2025-02-23T01:54:33","date_gmt":"2025-02-23T01:54:33","guid":{"rendered":"https:\/\/lagodeloscisneschile.cl\/?page_id=7"},"modified":"2025-04-11T14:58:34","modified_gmt":"2025-04-11T14:58:34","slug":"inicio","status":"publish","type":"page","link":"https:\/\/lagodeloscisneschile.cl\/?page_id=7","title":{"rendered":"Carmen de Bizet"},"content":{"rendered":"<p>[et_pb_section fb_built=\u00bb1&#8243; _builder_version=\u00bb4.27.4&#8243; _module_preset=\u00bbdefault\u00bb background_color=\u00bb#232323&#8243; background_enable_image=\u00bboff\u00bb custom_padding=\u00bb||16px|||\u00bb global_colors_info=\u00bb{}\u00bb][et_pb_row _builder_version=\u00bb4.27.4&#8243; _module_preset=\u00bbdefault\u00bb custom_margin=\u00bb-53px|auto||auto||\u00bb global_colors_info=\u00bb{}\u00bb][et_pb_column type=\u00bb4_4&#8243; _builder_version=\u00bb4.27.4&#8243; _module_preset=\u00bbdefault\u00bb global_colors_info=\u00bb{}\u00bb][et_pb_text _builder_version=\u00bb4.27.4&#8243; _module_preset=\u00bbdefault\u00bb text_font=\u00bbK2D|600|||||||\u00bb text_text_color=\u00bb#FFFFFF\u00bb text_font_size=\u00bb23px\u00bb text_orientation=\u00bbcenter\u00bb global_colors_info=\u00bb{}\u00bb]<\/p>\n<p>Gira por Chile, Abril de 2025. <br \/>Adquiere tus entradas con anticipaci\u00f3n<\/p>\n<p>[\/et_pb_text][et_pb_image src=\u00bbhttps:\/\/lagodeloscisneschile.cl\/wp-content\/uploads\/2025\/02\/carmen.webp\u00bb title_text=\u00bbcarmen\u00bb _builder_version=\u00bb4.27.4&#8243; _module_preset=\u00bbdefault\u00bb custom_padding=\u00bb||0px|||\u00bb global_colors_info=\u00bb{}\u00bb][\/et_pb_image][et_pb_text _builder_version=\u00bb4.27.4&#8243; _module_preset=\u00bbdefault\u00bb text_font=\u00bb|600|||||||\u00bb text_text_color=\u00bb#edf000&#8243; text_font_size=\u00bb25px\u00bb text_orientation=\u00bbcenter\u00bb global_colors_info=\u00bb{}\u00bb]<\/p>\n<p>\u00a1Exito absoluto funciones de Talca, Concepci\u00f3n, Rancagua y Vi\u00f1a del Mar!<\/p>\n<p>Dos \u00faltimas presentaciones:<\/p>\n<p>[\/et_pb_text][et_pb_text _builder_version=\u00bb4.27.4&#8243; _module_preset=\u00bbdefault\u00bb text_font=\u00bbK2D||||||||\u00bb text_text_color=\u00bb#000000&#8243; text_font_size=\u00bb22px\u00bb background_color=\u00bb#FFFFFF\u00bb text_orientation=\u00bbcenter\u00bb border_radii=\u00bbon|5px|5px|5px|5px\u00bb border_width_all=\u00bb6px\u00bb border_color_all=\u00bb#FFFFFF\u00bb global_colors_info=\u00bb{}\u00bb]<\/p>\n<p><strong>SANTIAGO<\/strong><br \/><strong>Teatro Universidad de Chile<\/strong><br \/><span style=\"font-size: 22px;\">S\u00e1bado 12 de Abril, 19:30 hrs<\/span><\/p>\n<p>Entradas desde $22.000<\/p>\n<p><span style=\"text-decoration: underline;\"><strong><a href=\"https:\/\/ticketplus.cl\/events\/ballet-carmen-teatro-universidad-de-chile\">COMPRAR TICKETS<\/a><\/strong><\/span><\/p>\n<p><span style=\"text-decoration: underline;\"><strong><\/strong><\/span><\/p>\n<p>[\/et_pb_text][\/et_pb_column][\/et_pb_row][\/et_pb_section][et_pb_section fb_built=\u00bb1&#8243; _builder_version=\u00bb4.27.4&#8243; _module_preset=\u00bbdefault\u00bb global_colors_info=\u00bb{}\u00bb][et_pb_row _builder_version=\u00bb4.27.4&#8243; _module_preset=\u00bbdefault\u00bb global_colors_info=\u00bb{}\u00bb][et_pb_column type=\u00bb4_4&#8243; _builder_version=\u00bb4.27.4&#8243; _module_preset=\u00bbdefault\u00bb global_colors_info=\u00bb{}\u00bb][dsm_typing_effect before_typing_effect=\u00bbAbril 2025&#8243; typing_effect=\u00bb- Gira Por Chile \u2013 CARMEN- Ballet Cl\u00e1sico de San Petersburgo\u00bb after_typing_background_color=\u00bb#E02B20&#8243; _builder_version=\u00bb4.27.4&#8243; _module_preset=\u00bbdefault\u00bb header_font=\u00bbK2D|600|||||||\u00bb header_font_size=\u00bb27px\u00bb global_colors_info=\u00bb{}\u00bb][\/dsm_typing_effect][et_pb_video src=\u00bbhttps:\/\/www.youtube.com\/watch?v=BkQaIzjibAE&#038;t=8s\u00bb _builder_version=\u00bb4.27.4&#8243; _module_preset=\u00bbdefault\u00bb global_colors_info=\u00bb{}\u00bb][\/et_pb_video][et_pb_text _builder_version=\u00bb4.27.4&#8243; _module_preset=\u00bbdefault\u00bb text_text_color=\u00bb#000000&#8243; text_font_size=\u00bb18px\u00bb text_orientation=\u00bbjustified\u00bb global_colors_info=\u00bb{}\u00bb]<\/p>\n<p class=\"p1\"><span>\u201cCarmen Suite\u201d es un ballet de un acto creado en 1967 por el core\u00f3grafo cubano Alberto Alonso, con m\u00fasica del compositor ruso Rodion Shchedrin, adaptada de la \u00f3pera Carmen de Georges Bizet. Esta obra fue concebida para la destacada Prima Ballerina Rusa, Maya Plisetskaya y se estren\u00f3 el 20 de abril de 1967 en el Teatro Bolsh\u00f3i de Mosc\u00fa.<\/span><\/p>\n<p class=\"p1\"><span>La m\u00fasica de Shchedrin reinterpreta las melod\u00edas de Bizet, utilizando una orquestaci\u00f3n para cuerdas y una amplia variedad de instrumentos de percusi\u00f3n, lo que aporta una nueva dimensi\u00f3n r\u00edtmica y t\u00edmbrica a la obra. Aunque inicialmente fue prohibida por las autoridades sovi\u00e9ticas por considerarla irrespetuosa hacia la \u00f3pera original, Carmen Suite se ha convertido en la obra m\u00e1s reconocida de Shchedrin y ha ganado popularidad en en el mundo entero y muy especialmente en occidente.<\/span><\/p>\n<p class=\"p1\"><span>El ballet se estructura en 13 n\u00fameros de danza, entre los que se incluyen una Introducci\u00f3n, Habanera, Bolero y un Finale. La orquestaci\u00f3n destaca por la ausencia de instrumentos de viento y metal, centr\u00e1ndose en una secci\u00f3n de cuerdas complementada por una diversa gama de instrumentos de percusi\u00f3n, como marimba, vibr\u00e1fono, xil\u00f3fono y varios tipos de tambores, lo que le confiere un sonido distintivo.<\/span><\/p>\n<p class=\"p1\"><span>Los roles principales en Carmen Suite son:<\/span><\/p>\n<p class=\"p1\"><span>\u2022Carmen, una mujer gitana<\/span><\/p>\n<p class=\"p1\"><span>\u2022Don Jos\u00e9, un cabo de dragones<\/span><\/p>\n<p class=\"p1\"><span>\u2022Escamillo, un torero<\/span><\/p>\n<p class=\"p1\"><span>\u2022Z\u00fa\u00f1iga, capit\u00e1n de dragones<\/span><\/p>\n<p class=\"p1\"><span>\u2022El Destino<\/span><\/p>\n<p class=\"p1\"><span>\u2022Magistrado<\/span><\/p>\n<p class=\"p1\"><span>La trama se centra en las relaciones tumultuosas de Carmen con Don Jos\u00e9 y Escamillo, ambientada en Sevilla, Espa\u00f1a. Un personaje singular, el Destino, simboliza el sino de Carmen a lo largo de la representaci\u00f3n.<\/span><\/p>\n<p class=\"p1\"><span>A pesar de sus inicios controvertidos, Carmen Suite ha alcanzado reconocimiento internacional por su innovadora fusi\u00f3n de coreograf\u00eda y m\u00fasica, ofreciendo una reinterpretaci\u00f3n audaz de la cl\u00e1sica \u00f3pera de Bizet.<\/span><\/p>\n<p>[\/et_pb_text][\/et_pb_column][\/et_pb_row][\/et_pb_section]<\/p>\n","protected":false},"excerpt":{"rendered":"<p>Gira por Chile, Abril de 2025. Adquiere tus entradas con anticipaci\u00f3n\u00a1Exito absoluto funciones de Talca, Concepci\u00f3n, Rancagua y Vi\u00f1a del Mar! Dos \u00faltimas presentaciones:SANTIAGOTeatro Universidad de ChileS\u00e1bado 12 de Abril, 19:30 hrs Entradas desde $22.000 COMPRAR TICKETS <div class=\"et_pb_module dsm_typing_effect dsm_typing_effect_0 et_pb_bg_layout_light \">\n\t\t\t\t\n\t\t\t\t\n\t\t\t\t\n\t\t\t\t\n\t\t\t\t\n\t\t\t\t\n\t\t\t\t<div class=\"et_pb_module_inner\">\n\t\t\t\t\t<h1 class=\"dsm-typing-effect et_pb_module_header\"><span class=\"dsm-before-typing-effect\">\u00bbAbril&nbsp;<\/span><span class=\"dsm-typing-wrapper\"><span class=\"dsm-typing-strings\">\u00bb-<\/span><span class=\"dsm-typing\" data-dsm-typing-cursor=\"|\" data-dsm-typing-strings=\"\u00bb-\" data-dsm-typing-speed=100ms data-dsm-typing-backspeed=50ms data-dsm-typing-backdelay=700ms data-dsm-typing-loop=true data-dsm-typing-fadeout=false data-dsm-typing-shuffle=false data-dsm-typing-delay=0ms data-dsm-typing-viewport=80% data-dsm-typing-repeat=on><\/span><\/span><\/h1>\n\t\t\t\t<\/div>\n\t\t\t<\/div><\/p>\n","protected":false},"author":1,"featured_media":9,"parent":0,"menu_order":0,"comment_status":"closed","ping_status":"closed","template":"","meta":{"_et_pb_use_builder":"on","_et_pb_old_content":"<!-- wp:divi\/placeholder \/-->","_et_gb_content_width":"","footnotes":""},"class_list":["post-7","page","type-page","status-publish","has-post-thumbnail","hentry"],"_links":{"self":[{"href":"https:\/\/lagodeloscisneschile.cl\/index.php?rest_route=\/wp\/v2\/pages\/7","targetHints":{"allow":["GET"]}}],"collection":[{"href":"https:\/\/lagodeloscisneschile.cl\/index.php?rest_route=\/wp\/v2\/pages"}],"about":[{"href":"https:\/\/lagodeloscisneschile.cl\/index.php?rest_route=\/wp\/v2\/types\/page"}],"author":[{"embeddable":true,"href":"https:\/\/lagodeloscisneschile.cl\/index.php?rest_route=\/wp\/v2\/users\/1"}],"replies":[{"embeddable":true,"href":"https:\/\/lagodeloscisneschile.cl\/index.php?rest_route=%2Fwp%2Fv2%2Fcomments&post=7"}],"version-history":[{"count":45,"href":"https:\/\/lagodeloscisneschile.cl\/index.php?rest_route=\/wp\/v2\/pages\/7\/revisions"}],"predecessor-version":[{"id":138,"href":"https:\/\/lagodeloscisneschile.cl\/index.php?rest_route=\/wp\/v2\/pages\/7\/revisions\/138"}],"wp:featuredmedia":[{"embeddable":true,"href":"https:\/\/lagodeloscisneschile.cl\/index.php?rest_route=\/wp\/v2\/media\/9"}],"wp:attachment":[{"href":"https:\/\/lagodeloscisneschile.cl\/index.php?rest_route=%2Fwp%2Fv2%2Fmedia&parent=7"}],"curies":[{"name":"wp","href":"https:\/\/api.w.org\/{rel}","templated":true}]}}